{"id":133,"date":"2021-03-13T14:55:37","date_gmt":"2021-03-13T12:55:37","guid":{"rendered":"https:\/\/lokojotos.fi\/?page_id=133"},"modified":"2025-05-15T17:42:20","modified_gmt":"2025-05-15T15:42:20","slug":"etusivu","status":"publish","type":"page","link":"https:\/\/lokojotos.fi\/","title":{"rendered":"Etusivu"},"content":{"rendered":"\n<h2 class=\"wp-block-heading alignwide has-text-align-center has-dark-gray-color has-text-color\">L\u00f6k\u00f6jotos LXI &#8211; sos<br>15.-17.8.2025<\/h2>\n\n\n\n<h4 class=\"wp-block-heading has-text-align-center\">J\u00e4nnityksen saattelemana jo kuudettakymmenett\u00e4ensimm\u00e4ist\u00e4 kertaa L\u00f6k\u00f6jotos-spektaakkeli toteutuu j\u00e4lleen tulevana syksyn\u00e4!<\/h4>\n\n\n\n<h2 class=\"wp-block-heading alignwide has-text-align-center has-dark-gray-color has-text-color has-normal-font-size\">Viel\u00e4 kerke\u00e4t ilmoittautua mukaan historian parhaimpaan partiotaitokilpailuun!<\/h2>\n\n\n\n<p><\/p>\n","protected":false},"excerpt":{"rendered":"<p>L\u00f6k\u00f6jotos LXI &#8211; sos15.-17.8.2025 J\u00e4nnityksen saattelemana jo kuudettakymmenett\u00e4ensimm\u00e4ist\u00e4 kertaa L\u00f6k\u00f6jotos-spektaakkeli toteutuu j\u00e4lleen tulevana syksyn\u00e4! Viel\u00e4 kerke\u00e4t ilmoittautua mukaan historian parhaimpaan partiotaitokilpailuun!<\/p>\n","protected":false},"author":4,"featured_media":0,"parent":0,"menu_order":0,"comment_status":"closed","ping_status":"closed","template":"","meta":{"footnotes":""},"class_list":["post-133","page","type-page","status-publish","hentry"],"_links":{"self":[{"href":"https:\/\/lokojotos.fi\/index.php?rest_route=\/wp\/v2\/pages\/133","targetHints":{"allow":["GET"]}}],"collection":[{"href":"https:\/\/lokojotos.fi\/index.php?rest_route=\/wp\/v2\/pages"}],"about":[{"href":"https:\/\/lokojotos.fi\/index.php?rest_route=\/wp\/v2\/types\/page"}],"author":[{"embeddable":true,"href":"https:\/\/lokojotos.fi\/index.php?rest_route=\/wp\/v2\/users\/4"}],"replies":[{"embeddable":true,"href":"https:\/\/lokojotos.fi\/index.php?rest_route=%2Fwp%2Fv2%2Fcomments&post=133"}],"version-history":[{"count":13,"href":"https:\/\/lokojotos.fi\/index.php?rest_route=\/wp\/v2\/pages\/133\/revisions"}],"predecessor-version":[{"id":337,"href":"https:\/\/lokojotos.fi\/index.php?rest_route=\/wp\/v2\/pages\/133\/revisions\/337"}],"wp:attachment":[{"href":"https:\/\/lokojotos.fi\/index.php?rest_route=%2Fwp%2Fv2%2Fmedia&parent=133"}],"curies":[{"name":"wp","href":"https:\/\/api.w.org\/{rel}","templated":true}]}}