{"id":163,"date":"2021-03-19T10:32:07","date_gmt":"2021-03-19T08:32:07","guid":{"rendered":"https:\/\/lokojotos.fi\/?page_id=163"},"modified":"2025-05-15T17:49:34","modified_gmt":"2025-05-15T15:49:34","slug":"lokohaat","status":"publish","type":"page","link":"https:\/\/lokojotos.fi\/?page_id=163","title":{"rendered":""},"content":{"rendered":"\n<p class=\"has-medium-font-size\">Vuonna 2025 L\u00f6k\u00f6jotos j\u00e4rjestet\u00e4\u00e4n jo kuudettakymmenett\u00e4ensimm\u00e4ist\u00e4 kertaa. L\u00f6k\u00f6jotos, se suurista suurin ja soisista soisin tapahtuma, L\u00f6k\u00f6jotostoimikunnan kruununjalokivi, haastaa kisojat niin tunnetuissa kuin viel\u00e4 tuntemattomissakin erilaisissa mielikuvitusta monipuolisesti kutkuttelevissa pelastamisen lajeissa!<br><br>L\u00f6k\u00f6jotos LXI &#8211; sos otellaan Pohjois-Karjalaiselta suolla 15.-17.8.2025., tapahtumaan l\u00e4hdet\u00e4\u00e4n Partiotalolta, Joensuusta.<\/p>\n\n\n\n<p class=\"has-medium-font-size\"><font>Ilmoittautuminen tapahtumaan tapahtuu kuksan kautta. Osallistumismaksun suhteen tarkemmat ohjeet l\u00f6ytyv\u00e4t ilmoittautumislomakkeelta. Maksun tulee olla suoritettuna ennen tapahtumaa. Ilmoittautuminen p\u00e4\u00e4ttyy 20.7.2025. ja j\u00e4lki-ilmoittautuminen p\u00e4\u00e4ttyy 31.7.2025.<\/font> <a href=\"https:\/\/kuksa.partio.fi\/Kotisivut\/login.aspx?Id=83768\" data-type=\"link\" data-id=\"https:\/\/kuksa.partio.fi\/Kotisivut\/login.aspx?Id=83768\">T\u00e4st\u00e4 p\u00e4\u00e4set ilmoittautumaan kuksaan!<\/a><\/p>\n\n\n\n<figure class=\"wp-block-image size-full is-resized\"><img loading=\"lazy\" decoding=\"async\" width=\"835\" height=\"833\" src=\"https:\/\/lokojotos.fi\/wp-content\/uploads\/2021\/03\/cropped-LJTK-logo.png\" alt=\"\" class=\"wp-image-42\" style=\"aspect-ratio:1.3333333333333333;width:196px;height:auto\" srcset=\"https:\/\/lokojotos.fi\/wp-content\/uploads\/2021\/03\/cropped-LJTK-logo.png 835w, https:\/\/lokojotos.fi\/wp-content\/uploads\/2021\/03\/cropped-LJTK-logo-300x300.png 300w, https:\/\/lokojotos.fi\/wp-content\/uploads\/2021\/03\/cropped-LJTK-logo-150x150.png 150w, https:\/\/lokojotos.fi\/wp-content\/uploads\/2021\/03\/cropped-LJTK-logo-768x766.png 768w\" sizes=\"auto, (max-width: 835px) 100vw, 835px\" \/><\/figure>\n\n\n\n<p class=\"has-medium-font-size\">Tervetuloa pelastamaan itsenne, suot ja koko maailman!<\/p>\n\n\n\n<p class=\"has-medium-font-size\"><em>Pelastan \u2013 vaikka uppoan<\/em><\/p>\n\n\n\n<p class=\"has-text-color has-medium-font-size\" style=\"color:#1d8522\">L\u00f6k\u00f6jotostoimikunta<\/p>\n\n\n\n<hr class=\"wp-block-separator has-css-opacity is-style-wide\" \/>\n","protected":false},"excerpt":{"rendered":"<p>Vuonna 2025 L\u00f6k\u00f6jotos j\u00e4rjestet\u00e4\u00e4n jo kuudettakymmenett\u00e4ensimm\u00e4ist\u00e4 kertaa. L\u00f6k\u00f6jotos, se suurista suurin ja soisista soisin tapahtuma, L\u00f6k\u00f6jotostoimikunnan kruununjalokivi, haastaa kisojat niin tunnetuissa kuin viel\u00e4 tuntemattomissakin erilaisissa mielikuvitusta monipuolisesti kutkuttelevissa pelastamisen lajeissa! L\u00f6k\u00f6jotos LXI &#8211; sos otellaan Pohjois-Karjalaiselta suolla 15.-17.8.2025., tapahtumaan l\u00e4hdet\u00e4\u00e4n Partiotalolta, Joensuusta. Ilmoittautuminen tapahtumaan tapahtuu kuksan kautta. Osallistumismaksun suhteen tarkemmat ohjeet l\u00f6ytyv\u00e4t ilmoittautumislomakkeelta. Maksun tulee [&hellip;]<\/p>\n","protected":false},"author":3,"featured_media":201,"parent":0,"menu_order":0,"comment_status":"closed","ping_status":"closed","template":"","meta":{"footnotes":""},"class_list":["post-163","page","type-page","status-publish","has-post-thumbnail","hentry"],"_links":{"self":[{"href":"https:\/\/lokojotos.fi\/index.php?rest_route=\/wp\/v2\/pages\/163","targetHints":{"allow":["GET"]}}],"collection":[{"href":"https:\/\/lokojotos.fi\/index.php?rest_route=\/wp\/v2\/pages"}],"about":[{"href":"https:\/\/lokojotos.fi\/index.php?rest_route=\/wp\/v2\/types\/page"}],"author":[{"embeddable":true,"href":"https:\/\/lokojotos.fi\/index.php?rest_route=\/wp\/v2\/users\/3"}],"replies":[{"embeddable":true,"href":"https:\/\/lokojotos.fi\/index.php?rest_route=%2Fwp%2Fv2%2Fcomments&post=163"}],"version-history":[{"count":30,"href":"https:\/\/lokojotos.fi\/index.php?rest_route=\/wp\/v2\/pages\/163\/revisions"}],"predecessor-version":[{"id":340,"href":"https:\/\/lokojotos.fi\/index.php?rest_route=\/wp\/v2\/pages\/163\/revisions\/340"}],"wp:featuredmedia":[{"embeddable":true,"href":"https:\/\/lokojotos.fi\/index.php?rest_route=\/wp\/v2\/media\/201"}],"wp:attachment":[{"href":"https:\/\/lokojotos.fi\/index.php?rest_route=%2Fwp%2Fv2%2Fmedia&parent=163"}],"curies":[{"name":"wp","href":"https:\/\/api.w.org\/{rel}","templated":true}]}}