{"id":36,"date":"2021-03-11T09:35:56","date_gmt":"2021-03-11T07:35:56","guid":{"rendered":"https:\/\/lokojotos.fi\/?page_id=36"},"modified":"2021-04-26T20:46:13","modified_gmt":"2021-04-26T18:46:13","slug":"create-your-website-with-blocks","status":"publish","type":"page","link":"https:\/\/lokojotos.fi\/?page_id=36","title":{"rendered":"Mik\u00e4 L\u00f6k\u00f6jotos?"},"content":{"rendered":"\n<div class=\"wp-block-group alignwide\"><div class=\"wp-block-group__inner-container is-layout-flow wp-block-group-is-layout-flow\">\n<p class=\"has-text-align-left has-large-font-size\"><strong>Historia<\/strong><\/p>\n\n\n\n<p class=\"has-text-align-left has-medium-font-size\">L\u00f6k\u00f6jotos on j\u00e4rjestetty vuosittain jo vuodesta 1965 l\u00e4htien ja se onkin Suomen pisimp\u00e4\u00e4n vuosittain j\u00e4rjestetty partiotaitokilpailu. Vuosikymmenten saatossa L\u00f6k\u00f6n kantavana voimana ovat olleet omalaatuiset huumorilla maustetut rastit ja vuosittain vaihtuva teema yhdistettyn\u00e4 luovaan suoelementin k\u00e4ytt\u00f6\u00f6n.<\/p>\n\n\n\n<p class=\"has-text-align-left has-medium-font-size\">Tunnelmia menneilt\u00e4 vuosilta voit k\u00e4yd\u00e4 tarkastelemassa esimerkiksi <a rel=\"noreferrer noopener\" href=\"https:\/\/youtube.com\/playlist?list=PLMlSVjV2E09vDXt176lnf7-JZ6Oc15bms\" data-type=\"URL\" data-id=\"https:\/\/youtube.com\/playlist?list=PLMlSVjV2E09vDXt176lnf7-JZ6Oc15bms\" target=\"_blank\">Youtubesta<\/a>. Aiempien vuosien teemat l\u00f6ytyv\u00e4t listattuna <a href=\"https:\/\/jeskaty.fi\/lokojotos\/\" data-type=\"URL\">JES<\/a><a href=\"https:\/\/jeskaty.fi\/lokojotos\/\" data-type=\"URL\" data-id=\"https:\/\/jeskaty.fi\/lokojotos\/\">K<\/a><a href=\"n\" data-type=\"URL\" data-id=\"JESKaTy:n\">aTy:n<\/a> internetsivuilta.<\/p>\n<\/div><\/div>\n\n\n\n<p class=\"has-text-align-left has-large-font-size\"><strong>Paikka<\/strong><\/p>\n\n\n\n<div class=\"wp-block-image\"><figure class=\"alignright size-large is-resized\"><img loading=\"lazy\" decoding=\"async\" src=\"https:\/\/lokojotos.fi\/wp-content\/uploads\/2021\/03\/LokoLVI-174-of-218-e1616424245276-1024x594.jpg\" alt=\"Pielisen hoitsut\" class=\"wp-image-187\" width=\"512\" height=\"297\" srcset=\"https:\/\/lokojotos.fi\/wp-content\/uploads\/2021\/03\/LokoLVI-174-of-218-e1616424245276-1024x594.jpg 1024w, https:\/\/lokojotos.fi\/wp-content\/uploads\/2021\/03\/LokoLVI-174-of-218-e1616424245276-300x174.jpg 300w, https:\/\/lokojotos.fi\/wp-content\/uploads\/2021\/03\/LokoLVI-174-of-218-e1616424245276-768x445.jpg 768w, https:\/\/lokojotos.fi\/wp-content\/uploads\/2021\/03\/LokoLVI-174-of-218-e1616424245276-1536x890.jpg 1536w, https:\/\/lokojotos.fi\/wp-content\/uploads\/2021\/03\/LokoLVI-174-of-218-e1616424245276.jpg 2048w\" sizes=\"auto, (max-width: 512px) 100vw, 512px\" \/><\/figure><\/div>\n\n\n\n<p class=\"has-text-align-left has-medium-font-size\">Tarkka kisapaikka on perinteisesti pidetty kilpailijoille mysteerin\u00e4 &#8211; hyv\u00e4ll\u00e4 tuurilla paikka alkaa selvi\u00e4m\u00e4\u00e4n ennen kilpailun loppua. Joka tapauksessa kisat j\u00e4rjestet\u00e4\u00e4n aina ehdalla Pohjois-Karjalaisella suolla. Kisat alkavat yleens\u00e4 Joensuusta, josta siirryt\u00e4\u00e4n kisapaikoille yhteiskyydityksell\u00e4.<\/p>\n\n\n\n<p class=\"has-text-align-left has-large-font-size\"><strong>J\u00e4rjest\u00e4j\u00e4t<\/strong><\/p>\n\n\n\n<p class=\"has-text-align-left has-medium-font-size\">Kilpailun j\u00e4rjest\u00e4\u00e4 partiolippukunta Joensuun Er\u00e4sissien ja Karjalan Tytt\u00f6jen johtajistosta koostuva L\u00f6k\u00f6jotostoimikunta (LJTK) ja nippu (vapaaehtoisia) talkoolaisia. L\u00f6k\u00f6jotostoimikunta on vuosien saatossa saavuttanut l\u00e4hes jumalaisen statuksen ja heit\u00e4 puhutellessa onkin hyv\u00e4 muistaa ylisanojen ja superlatiivien ylitsevuotava viljely.<\/p>\n\n\n\n<p class=\"has-text-align-left has-large-font-size\"><strong>Osallistujat<\/strong><\/p>\n\n\n\n<p class=\"has-text-align-left has-medium-font-size\">L\u00f6k\u00f6lle voi osallistua kuka vain partiolais-statukseen katsomatta. Tasaisen kilvoittelun varmistamiseksi on LJTK suuressa viisaudessaan kuitenkin ottanut k\u00e4ytt\u00f6\u00f6n innovatiivisen sarjajaon:<\/p>\n\n\n\n<ul class=\"has-medium-font-size wp-block-list\"><li>Kakarasarja 13-15v 4-5hl\u00f6<\/li><li>Keskiraskas 15-18v 3-4hl\u00f6<\/li><li>Ylij\u00e4re\u00e4 yli 18v 2-3hl\u00f6<\/li><\/ul>\n\n\n\n<p class=\"has-text-align-left has-medium-font-size\">Sarjajaon ik\u00e4rajat ja ryhm\u00e4koot ovat viitteellisi\u00e4. Jos oman ryhm\u00e4n sijoittuminen askarruttaa, kysy LJTK:lta tarkempaa ohjeistusta ilmoittautumiseen.<\/p>\n\n\n\n<p class=\"has-text-align-left has-large-font-size\"><strong>K\u00e4yt\u00e4nn\u00f6t<\/strong><\/p>\n\n\n\n<p class=\"has-text-align-left has-medium-font-size\">L\u00f6k\u00f6lt\u00e4 l\u00f6ytyy my\u00f6s paljon perinteit\u00e4, jotka ovat kulkeneet mukana vuosikymmenten ajan. Kaikki ruotsalainen, ruotsalaiselta kuulostava ja ruotsalaiselta vaikuttava on ollut L\u00f6k\u00f6ll\u00e4 kielletty\u00e4 jo kauan, turvallisuussyist\u00e4. Kisakirjeessa on vuosittain lueteltu my\u00f6s litania muita asioita, jotka ovat teeman mukaisesti rajoitettu kilpailun ulkopuolelle.<\/p>\n\n\n\n<div class=\"wp-block-image\"><figure class=\"alignleft size-large is-resized\"><img loading=\"lazy\" decoding=\"async\" src=\"https:\/\/lokojotos.fi\/wp-content\/uploads\/2021\/03\/LokoLVI-1-of-218-1024x683.jpg\" alt=\"\" class=\"wp-image-255\" width=\"512\" height=\"342\" srcset=\"https:\/\/lokojotos.fi\/wp-content\/uploads\/2021\/03\/LokoLVI-1-of-218-1024x683.jpg 1024w, https:\/\/lokojotos.fi\/wp-content\/uploads\/2021\/03\/LokoLVI-1-of-218-300x200.jpg 300w, https:\/\/lokojotos.fi\/wp-content\/uploads\/2021\/03\/LokoLVI-1-of-218-768x512.jpg 768w, https:\/\/lokojotos.fi\/wp-content\/uploads\/2021\/03\/LokoLVI-1-of-218-1536x1024.jpg 1536w, https:\/\/lokojotos.fi\/wp-content\/uploads\/2021\/03\/LokoLVI-1-of-218.jpg 2048w\" sizes=\"auto, (max-width: 512px) 100vw, 512px\" \/><\/figure><\/div>\n\n\n\n<p class=\"has-text-align-left has-medium-font-size\">Rajoitettujen esineiden ja asioiden valvomisen helpottamiseksi L\u00f6k\u00f6ll\u00e4 j\u00e4rjestet\u00e4\u00e4n yhten\u00e4 ensimm\u00e4isist\u00e4 rasteista tulli. Tullissa hell\u00e4k\u00e4tiset SUOPO:n (SUOpoliisi) tullihenkil\u00f6t varmistavat, ettei kilpailuun vain vahingossa livahda esimerkiksi mit\u00e4\u00e4n ruotsalaisia tuotteita.<\/p>\n\n\n\n<p class=\"has-medium-font-size\">L\u00f6k\u00f6jotoksen kisakartta on harvoin maastokartan neliv\u00e4riprintti. Erin\u00e4isill\u00e4 mielikuvituksellisilla ja jopa arkkitehtuurisilla toteutuksilla on vuosien varrella p\u00e4\u00e4sty suunnistamaan ja rasteille on l\u00f6ydetty mm. palapelikartalla, karttapallolla ja pullopostilla.<\/p>\n\n\n\n<p class=\"has-medium-font-size\">L\u00f6k\u00f6n teema vaihtelee vuosittain ja kilvoittelijoiden on SUOtavaa ottaa teema huomioon vartion varustautumisessa ja toiminnassa kisailun aikana. Teeman mukana el\u00e4minen ja siihen heitt\u00e4ytyminen miellytt\u00e4v\u00e4t kovasti LJTK:ta. Suorittaa ei totisesti tarvitse, vaikka tosissaan kisataankin.<\/p>\n\n\n\n<p class=\"has-text-align-left has-large-font-size\"><strong>Pisteytys<\/strong><\/p>\n\n\n\n<p class=\"has-text-align-left has-medium-font-size\">Rastien pisteytyksi\u00e4 miettiess\u00e4 voi heitt\u00e4\u00e4 SP:n kisaohjeella vesilintua. Rastit pisteytet\u00e4\u00e4n kahdessa eri kategoriassa: suorituspisteet ja L\u00f6k\u00f6pisteet.<\/p>\n\n\n\n<p class=\"has-medium-font-size\">Suorituspisteit\u00e4 my\u00f6nnet\u00e4\u00e4n tyylipuhtaasta rastik\u00e4skyn mukaisesta rastin suorittamisesta ja niit\u00e4 my\u00f6nnet\u00e4\u00e4n suhteessa enemm\u00e4n kuin l\u00f6k\u00f6pisteit\u00e4, mutta himoitun p\u00f6nt\u00f6nkannen saavuttamiseen pelk\u00e4t suorituspisteet eiv\u00e4t riit\u00e4, vaan kokonaispistem\u00e4\u00e4r\u00e4 ratkaisee.<\/p>\n\n\n\n<p class=\"has-medium-font-size\">L\u00f6k\u00f6pisteit\u00e4 my\u00f6nnet\u00e4\u00e4n l\u00e4hes kaikesta muusta asiaan kuuluvasta, kuten onnistuneesta rastihenkil\u00f6n lahjonnasta, suon hy\u00f6dynt\u00e4misest\u00e4 rastisuorituksessa, heitt\u00e4ytymisest\u00e4 ja reippaan L\u00f6k\u00f6hengen esitt\u00e4misest\u00e4.<\/p>\n\n\n\n<p class=\"has-large-font-size\"><strong>Palkinnot<\/strong><\/p>\n\n\n\n<div class=\"wp-block-image\"><figure class=\"alignright size-large is-resized\"><img loading=\"lazy\" decoding=\"async\" src=\"https:\/\/lokojotos.fi\/wp-content\/uploads\/2021\/03\/LokoLVI-211-of-218-1024x683.jpg\" alt=\"\" class=\"wp-image-249\" width=\"512\" height=\"342\" srcset=\"https:\/\/lokojotos.fi\/wp-content\/uploads\/2021\/03\/LokoLVI-211-of-218-1024x683.jpg 1024w, https:\/\/lokojotos.fi\/wp-content\/uploads\/2021\/03\/LokoLVI-211-of-218-300x200.jpg 300w, https:\/\/lokojotos.fi\/wp-content\/uploads\/2021\/03\/LokoLVI-211-of-218-768x512.jpg 768w, https:\/\/lokojotos.fi\/wp-content\/uploads\/2021\/03\/LokoLVI-211-of-218-1536x1024.jpg 1536w, https:\/\/lokojotos.fi\/wp-content\/uploads\/2021\/03\/LokoLVI-211-of-218.jpg 2048w\" sizes=\"auto, (max-width: 512px) 100vw, 512px\" \/><\/figure><\/div>\n\n\n\n<p class=\"has-medium-font-size\">Spektaakkelimaisessa kisassa jaetaan luonnollisesti vuodesta toiseen spektaakkelimaisia kiertopalkintoja. L\u00f6k\u00f6jotoksen voittajajoukkueelle jokaisessa sarjassa jaetaan kokonaispisteiden perusteella himoittu p\u00f6nt\u00f6nkansi uskomattoman kokonaissuorituksen perusteella.<\/p>\n\n\n\n<p class=\"has-medium-font-size\">Ns. kakkospalkinto taas voi joillekin joukkueille olla jopa ykk\u00f6nen. L\u00f6k\u00f6rukkanen my\u00f6nnet\u00e4\u00e4n \u00e4\u00e4rimm\u00e4isten SUOritusten ja my\u00f6nnettyjen L\u00f6k\u00f6pisteiden perusteella.<\/p>\n\n\n\n<p><\/p>\n\n\n\n<p><\/p>\n\n\n\n<div class=\"wp-block-columns alignwide are-vertically-aligned-center is-style-twentytwentyone-columns-overlap is-layout-flex wp-container-core-columns-is-layout-9d6595d7 wp-block-columns-is-layout-flex\"><\/div>\n\n\n\n<p><\/p>\n","protected":false},"excerpt":{"rendered":"<p>Historia L\u00f6k\u00f6jotos on j\u00e4rjestetty vuosittain jo vuodesta 1965 l\u00e4htien ja se onkin Suomen pisimp\u00e4\u00e4n vuosittain j\u00e4rjestetty partiotaitokilpailu. Vuosikymmenten saatossa L\u00f6k\u00f6n kantavana voimana ovat olleet omalaatuiset huumorilla maustetut rastit ja vuosittain vaihtuva teema yhdistettyn\u00e4 luovaan suoelementin k\u00e4ytt\u00f6\u00f6n. Tunnelmia menneilt\u00e4 vuosilta voit k\u00e4yd\u00e4 tarkastelemassa esimerkiksi Youtubesta. Aiempien vuosien teemat l\u00f6ytyv\u00e4t listattuna JESKaTy:n internetsivuilta. Paikka Tarkka kisapaikka on [&hellip;]<\/p>\n","protected":false},"author":3,"featured_media":189,"parent":0,"menu_order":0,"comment_status":"closed","ping_status":"closed","template":"","meta":{"footnotes":""},"class_list":["post-36","page","type-page","status-publish","has-post-thumbnail","hentry"],"_links":{"self":[{"href":"https:\/\/lokojotos.fi\/index.php?rest_route=\/wp\/v2\/pages\/36","targetHints":{"allow":["GET"]}}],"collection":[{"href":"https:\/\/lokojotos.fi\/index.php?rest_route=\/wp\/v2\/pages"}],"about":[{"href":"https:\/\/lokojotos.fi\/index.php?rest_route=\/wp\/v2\/types\/page"}],"author":[{"embeddable":true,"href":"https:\/\/lokojotos.fi\/index.php?rest_route=\/wp\/v2\/users\/3"}],"replies":[{"embeddable":true,"href":"https:\/\/lokojotos.fi\/index.php?rest_route=%2Fwp%2Fv2%2Fcomments&post=36"}],"version-history":[{"count":66,"href":"https:\/\/lokojotos.fi\/index.php?rest_route=\/wp\/v2\/pages\/36\/revisions"}],"predecessor-version":[{"id":275,"href":"https:\/\/lokojotos.fi\/index.php?rest_route=\/wp\/v2\/pages\/36\/revisions\/275"}],"wp:featuredmedia":[{"embeddable":true,"href":"https:\/\/lokojotos.fi\/index.php?rest_route=\/wp\/v2\/media\/189"}],"wp:attachment":[{"href":"https:\/\/lokojotos.fi\/index.php?rest_route=%2Fwp%2Fv2%2Fmedia&parent=36"}],"curies":[{"name":"wp","href":"https:\/\/api.w.org\/{rel}","templated":true}]}}