{"id":38,"date":"2021-03-11T09:35:56","date_gmt":"2021-03-11T07:35:56","guid":{"rendered":"https:\/\/lokojotos.fi\/?page_id=38"},"modified":"2021-03-22T21:05:55","modified_gmt":"2021-03-22T19:05:55","slug":"contact","status":"publish","type":"page","link":"https:\/\/lokojotos.fi\/?page_id=38","title":{"rendered":"Ota yhteytt\u00e4"},"content":{"rendered":"\n<p class=\"has-medium-font-size\">Kisojen j\u00e4rjest\u00e4j\u00e4porukka L\u00f6k\u00f6jotostoimikunta (LJTK) koostuu kourallisesta <a href=\"http:\/\/www.jeskaty.fi\" data-type=\"URL\" data-id=\"www.jeskaty.fi\" target=\"_blank\" rel=\"noreferrer noopener\">Joensuun Er\u00e4sissej\u00e4 ja Karjalan Tytt\u00f6j\u00e4<\/a>, joille L\u00f6k\u00f6jotos on varsinainen henkireik\u00e4 ja el\u00e4m\u00e4n tarkoitus.<\/p>\n\n\n\n<p class=\"has-medium-font-size\">L\u00f6k\u00f6jotostoimikuntaan saat mielt\u00e4 painavissa asioissa yhteyden s\u00e4hk\u00f6postilla <a rel=\"noreferrer noopener\" href=\"mailto:lokojotos@gmail.com\" target=\"_blank\">lokojotos@gmail.com<\/a> tai sosiaalisessa mediassa <a rel=\"noreferrer noopener\" href=\"https:\/\/www.facebook.com\/lokojotos\" target=\"_blank\">Facebookissa<\/a> ja <a rel=\"noreferrer noopener\" href=\"https:\/\/www.instagram.com\/lokojotos\/\" target=\"_blank\">Instagrammissa<\/a><\/p>\n\n\n\n<p><\/p>\n","protected":false},"excerpt":{"rendered":"<p>Kisojen j\u00e4rjest\u00e4j\u00e4porukka L\u00f6k\u00f6jotostoimikunta (LJTK) koostuu kourallisesta Joensuun Er\u00e4sissej\u00e4 ja Karjalan Tytt\u00f6j\u00e4, joille L\u00f6k\u00f6jotos on varsinainen henkireik\u00e4 ja el\u00e4m\u00e4n tarkoitus. L\u00f6k\u00f6jotostoimikuntaan saat mielt\u00e4 painavissa asioissa yhteyden s\u00e4hk\u00f6postilla lokojotos@gmail.com tai sosiaalisessa mediassa Facebookissa ja Instagrammissa<\/p>\n","protected":false},"author":3,"featured_media":185,"parent":0,"menu_order":0,"comment_status":"closed","ping_status":"closed","template":"","meta":{"footnotes":""},"class_list":["post-38","page","type-page","status-publish","has-post-thumbnail","hentry"],"_links":{"self":[{"href":"https:\/\/lokojotos.fi\/index.php?rest_route=\/wp\/v2\/pages\/38","targetHints":{"allow":["GET"]}}],"collection":[{"href":"https:\/\/lokojotos.fi\/index.php?rest_route=\/wp\/v2\/pages"}],"about":[{"href":"https:\/\/lokojotos.fi\/index.php?rest_route=\/wp\/v2\/types\/page"}],"author":[{"embeddable":true,"href":"https:\/\/lokojotos.fi\/index.php?rest_route=\/wp\/v2\/users\/3"}],"replies":[{"embeddable":true,"href":"https:\/\/lokojotos.fi\/index.php?rest_route=%2Fwp%2Fv2%2Fcomments&post=38"}],"version-history":[{"count":8,"href":"https:\/\/lokojotos.fi\/index.php?rest_route=\/wp\/v2\/pages\/38\/revisions"}],"predecessor-version":[{"id":173,"href":"https:\/\/lokojotos.fi\/index.php?rest_route=\/wp\/v2\/pages\/38\/revisions\/173"}],"wp:featuredmedia":[{"embeddable":true,"href":"https:\/\/lokojotos.fi\/index.php?rest_route=\/wp\/v2\/media\/185"}],"wp:attachment":[{"href":"https:\/\/lokojotos.fi\/index.php?rest_route=%2Fwp%2Fv2%2Fmedia&parent=38"}],"curies":[{"name":"wp","href":"https:\/\/api.w.org\/{rel}","templated":true}]}}